{"id":3,"date":"2026-03-25T08:41:55","date_gmt":"2026-03-25T08:41:55","guid":{"rendered":"https:\/\/www.piensosdeltormes.com\/?page_id=3"},"modified":"2026-04-10T12:56:34","modified_gmt":"2026-04-10T12:56:34","slug":"privacy-policy","status":"publish","type":"page","link":"https:\/\/www.piensosdeltormes.com\/index.php\/privacy-policy\/","title":{"rendered":"Aviso legal"},"content":{"rendered":"\n<h6 class=\"wp-block-heading\">En cumplimiento con el deber de informaci\u00f3n recogido en la Ley 34\/2002 de Servicios de la Sociedad de la Informaci\u00f3n y del Comercio Electr\u00f3nico (LSSI-CE), se facilitan a continuaci\u00f3n los siguientes datos:<\/h6>\n\n\n\n<ul class=\"wp-block-list\">\n<li><strong>Titular:<\/strong> PIENSOS DEL TORMES S.L.<\/li>\n\n\n\n<li><strong>CIF:<\/strong> B37282142<\/li>\n\n\n\n<li><strong>Domicilio social:<\/strong> Carretera N-630, km 224, 37797 Calzada de Valdunciel (Salamanca)<\/li>\n\n\n\n<li><strong>Correo electr\u00f3nico:<\/strong> <a>piensosdeltormes@gmail.com<\/a><\/li>\n\n\n\n<li><strong>Tel\u00e9fono:<\/strong> 923 31 02 37<\/li>\n<\/ul>\n\n\n\n<h6 class=\"wp-block-heading\">Objeto<\/h6>\n\n\n\n<p>El presente sitio web tiene como finalidad la comercializaci\u00f3n de piensos de fabricaci\u00f3n propia, materias primas y productos para la alimentaci\u00f3n animal.<\/p>\n\n\n\n<h6 class=\"wp-block-heading\">Condiciones de uso<\/h6>\n\n\n\n<p>El acceso y uso de este sitio web atribuye la condici\u00f3n de usuario, implicando la aceptaci\u00f3n de las presentes condiciones.<\/p>\n\n\n\n<p>El usuario se compromete a hacer un uso adecuado de los contenidos y servicios ofrecidos.<\/p>\n\n\n\n<h6 class=\"wp-block-heading\">Propiedad intelectual<\/h6>\n\n\n\n<p>Todos los contenidos del sitio web (textos, im\u00e1genes, dise\u00f1o, etc.) son propiedad del titular o dispone de los derechos necesarios para su uso.<\/p>\n\n\n\n<h6 class=\"wp-block-heading\">Responsabilidad<\/h6>\n\n\n\n<p>El titular no se responsabiliza del mal uso de los contenidos ni de posibles errores t\u00e9cnicos en la web.<\/p>\n\n\n\n<h6 class=\"wp-block-heading\">Legislaci\u00f3n aplicable<\/h6>\n\n\n\n<p>La relaci\u00f3n entre el titular y el usuario se regir\u00e1 por la normativa espa\u00f1ola vigente.<\/p>\n\n\n\n<p><\/p>\n","protected":false},"excerpt":{"rendered":"<p>En cumplimiento con el deber de informaci\u00f3n recogido en la Ley 34\/2002 de Servicios de la Sociedad de la Informaci\u00f3n y del Comercio Electr\u00f3nico (LSSI-CE), se facilitan a continuaci\u00f3n los siguientes datos: Objeto El presente sitio web tiene como finalidad la comercializaci\u00f3n de piensos de fabricaci\u00f3n propia, materias primas y productos para la alimentaci\u00f3n animal&#8230;.<\/p>\n","protected":false},"author":1,"featured_media":0,"parent":0,"menu_order":0,"comment_status":"closed","ping_status":"open","template":"","meta":{"_acf_changed":false,"footnotes":""},"class_list":["post-3","page","type-page","status-publish","hentry"],"acf":[],"_links":{"self":[{"href":"https:\/\/www.piensosdeltormes.com\/index.php\/wp-json\/wp\/v2\/pages\/3","targetHints":{"allow":["GET"]}}],"collection":[{"href":"https:\/\/www.piensosdeltormes.com\/index.php\/wp-json\/wp\/v2\/pages"}],"about":[{"href":"https:\/\/www.piensosdeltormes.com\/index.php\/wp-json\/wp\/v2\/types\/page"}],"author":[{"embeddable":true,"href":"https:\/\/www.piensosdeltormes.com\/index.php\/wp-json\/wp\/v2\/users\/1"}],"replies":[{"embeddable":true,"href":"https:\/\/www.piensosdeltormes.com\/index.php\/wp-json\/wp\/v2\/comments?post=3"}],"version-history":[{"count":1,"href":"https:\/\/www.piensosdeltormes.com\/index.php\/wp-json\/wp\/v2\/pages\/3\/revisions"}],"predecessor-version":[{"id":48837,"href":"https:\/\/www.piensosdeltormes.com\/index.php\/wp-json\/wp\/v2\/pages\/3\/revisions\/48837"}],"wp:attachment":[{"href":"https:\/\/www.piensosdeltormes.com\/index.php\/wp-json\/wp\/v2\/media?parent=3"}],"curies":[{"name":"wp","href":"https:\/\/api.w.org\/{rel}","templated":true}]}}