{"id":31900,"date":"2023-04-21T10:36:08","date_gmt":"2023-04-21T10:36:08","guid":{"rendered":"https:\/\/theme-dev.cmsmasters.net\/church-main\/product\/cms-baseball-cap\/"},"modified":"2026-04-10T11:30:17","modified_gmt":"2026-04-10T11:30:17","slug":"cms-baseball-cap","status":"publish","type":"product","link":"https:\/\/www.piensosdeltormes.com\/index.php\/product\/cms-baseball-cap\/","title":{"rendered":"Pienso completo vacuno"},"content":{"rendered":"<p data-start=\"314\" data-end=\"455\">Pienso completo elaborado a partir de materias primas seleccionadas, dise\u00f1ado para garantizar una alimentaci\u00f3n equilibrada del ganado vacuno.<\/p>\n<p data-start=\"457\" data-end=\"628\">Su formulaci\u00f3n permite una buena digestibilidad y un aporte adecuado de nutrientes, contribuyendo al mantenimiento del animal y a un rendimiento estable en la explotaci\u00f3n.<\/p>\n<h3 data-section-id=\"1gtawd1\" data-start=\"635\" data-end=\"656\">Caracter\u00edsticas<\/h3>\n<ul data-start=\"657\" data-end=\"769\">\n<li data-section-id=\"1a9av5v\" data-start=\"657\" data-end=\"680\">F\u00f3rmula equilibrada<\/li>\n<li data-section-id=\"fn0yj7\" data-start=\"681\" data-end=\"704\">Buena palatabilidad<\/li>\n<li data-section-id=\"1widvu\" data-start=\"705\" data-end=\"735\">Adaptado a distintas fases<\/li>\n<li data-section-id=\"l0mkbu\" data-start=\"736\" data-end=\"769\">Aporte completo de nutrientes<\/li>\n<\/ul>\n","protected":false},"excerpt":{"rendered":"<p>Alimento completo para ganado vacuno, formulado para cubrir sus necesidades nutricionales diarias.<\/p>\n<p>&nbsp;<\/p>\n<h3 data-section-id=\"ae01r5\" data-start=\"776\" data-end=\"794\">Composici\u00f3n: Cereales (ma\u00edz, cebada, trigo), prote\u00ednas vegetales, minerales y vitaminas, aditivos autorizados<\/h3>\n","protected":false},"featured_media":48829,"comment_status":"open","ping_status":"closed","template":"","meta":{"_acf_changed":false},"product_brand":[],"product_cat":[63],"product_tag":[],"class_list":{"0":"post-31900","1":"product","2":"type-product","3":"status-publish","4":"has-post-thumbnail","6":"product_cat-piensos-compuestos","8":"first","9":"instock","10":"shipping-taxable","11":"purchasable","12":"product-type-variable"},"acf":[],"_links":{"self":[{"href":"https:\/\/www.piensosdeltormes.com\/index.php\/wp-json\/wp\/v2\/product\/31900","targetHints":{"allow":["GET"]}}],"collection":[{"href":"https:\/\/www.piensosdeltormes.com\/index.php\/wp-json\/wp\/v2\/product"}],"about":[{"href":"https:\/\/www.piensosdeltormes.com\/index.php\/wp-json\/wp\/v2\/types\/product"}],"replies":[{"embeddable":true,"href":"https:\/\/www.piensosdeltormes.com\/index.php\/wp-json\/wp\/v2\/comments?post=31900"}],"version-history":[{"count":6,"href":"https:\/\/www.piensosdeltormes.com\/index.php\/wp-json\/wp\/v2\/product\/31900\/revisions"}],"predecessor-version":[{"id":48834,"href":"https:\/\/www.piensosdeltormes.com\/index.php\/wp-json\/wp\/v2\/product\/31900\/revisions\/48834"}],"wp:featuredmedia":[{"embeddable":true,"href":"https:\/\/www.piensosdeltormes.com\/index.php\/wp-json\/wp\/v2\/media\/48829"}],"wp:attachment":[{"href":"https:\/\/www.piensosdeltormes.com\/index.php\/wp-json\/wp\/v2\/media?parent=31900"}],"wp:term":[{"taxonomy":"product_brand","embeddable":true,"href":"https:\/\/www.piensosdeltormes.com\/index.php\/wp-json\/wp\/v2\/product_brand?post=31900"},{"taxonomy":"product_cat","embeddable":true,"href":"https:\/\/www.piensosdeltormes.com\/index.php\/wp-json\/wp\/v2\/product_cat?post=31900"},{"taxonomy":"product_tag","embeddable":true,"href":"https:\/\/www.piensosdeltormes.com\/index.php\/wp-json\/wp\/v2\/product_tag?post=31900"}],"curies":[{"name":"wp","href":"https:\/\/api.w.org\/{rel}","templated":true}]}}